{"id":729,"date":"2024-10-04T12:26:52","date_gmt":"2024-10-04T10:26:52","guid":{"rendered":"https:\/\/www.adm-inmo.com\/?page_id=729"},"modified":"2024-10-04T12:28:07","modified_gmt":"2024-10-04T10:28:07","slug":"declaracion-de-accesibilidad-2","status":"publish","type":"page","link":"https:\/\/www.adm-inmo.com\/ca\/declaracion-de-accesibilidad-2\/","title":{"rendered":"Declaraci\u00f3 d&#039;accessibilitat"},"content":{"rendered":"<div data-elementor-type=\"wp-page\" data-elementor-id=\"729\" class=\"elementor elementor-729\" data-elementor-post-type=\"page\">\n\t\t\t\t<div class=\"elementor-element elementor-element-2ebbc349 e-flex e-con-boxed e-con e-parent\" data-id=\"2ebbc349\" data-element_type=\"container\" data-settings=\"{&quot;background_background&quot;:&quot;classic&quot;}\">\n\t\t\t\t\t<div class=\"e-con-inner\">\n\t\t\t\t<div class=\"elementor-element elementor-element-966e76 elementor-widget elementor-widget-heading\" data-id=\"966e76\" data-element_type=\"widget\" data-widget_type=\"heading.default\">\n\t\t\t\t<div class=\"elementor-widget-container\">\n\t\t\t\t\t<h1 class=\"elementor-heading-title elementor-size-default\">Declaraci\u00f3 d&#039;accessibilitat<\/h1>\t\t\t\t<\/div>\n\t\t\t\t<\/div>\n\t\t\t\t\t<\/div>\n\t\t\t\t<\/div>\n\t\t<div class=\"elementor-element elementor-element-8fa9d67 e-flex e-con-boxed e-con e-child\" data-id=\"8fa9d67\" data-element_type=\"container\">\n\t\t\t\t\t<div class=\"e-con-inner\">\n\t\t\t\t<div class=\"elementor-element elementor-element-a1f973b elementor-widget elementor-widget-heading\" data-id=\"a1f973b\" data-element_type=\"widget\" data-widget_type=\"heading.default\">\n\t\t\t\t<div class=\"elementor-widget-container\">\n\t\t\t\t\t<h2 class=\"elementor-heading-title elementor-size-default\">Declaraci\u00f3 d&#039;accessibilitat<\/h2>\t\t\t\t<\/div>\n\t\t\t\t<\/div>\n\t\t\t\t<div class=\"elementor-element elementor-element-e965918 elementor-widget elementor-widget-text-editor\" data-id=\"e965918\" data-element_type=\"widget\" data-widget_type=\"text-editor.default\">\n\t\t\t\t<div class=\"elementor-widget-container\">\n\t\t\t\t\t\t\t\t\t<p><span style=\"font-weight: 400;\">Online Vall\u00e9s s&#039;ha comprom\u00e8s a fer accessible el vostre lloc web, de conformitat amb el Reial Decret 1112\/2018, de 7 de setembre, sobre accessibilitat dels llocs web i aplicacions per a dispositius m\u00f2bils del sector p\u00fablic.<\/span><\/p><p><span style=\"font-weight: 400;\">Aquesta declaraci\u00f3 d&#039;accessibilitat s&#039;aplica a aquest web.<\/span><\/p><h2><b>Situaci\u00f3 de compliment<\/b><\/h2><p><span style=\"font-weight: 400;\">Aquest lloc web est\u00e0 desenvolupat segons el RD 1112\/2018<\/span><\/p><h2><b>Preparaci\u00f3 per a la seg\u00fcent declaraci\u00f3 d&#039;accessibilitat<\/b><\/h2><p><span style=\"font-weight: 400;\">Aquesta declaraci\u00f3 va ser preparada el 20 de maig del 2023.<\/span><\/p><p><span style=\"font-weight: 400;\">El m\u00e8tode emprat per preparar la declaraci\u00f3 ha estat una autoavaluaci\u00f3.<\/span><\/p><h2><b>Observacions i dades de contacte<\/b><\/h2><p><span style=\"font-weight: 400;\">Podeu realitzar comunicacions sobre requisits d&#039;accessibilitat (article 10.2.a del RD 1112\/2018) com:<\/span><\/p><ul><li style=\"font-weight: 400;\" aria-level=\"1\"><span style=\"font-weight: 400;\">Informar sobre qualsevol possible incompliment per part d&#039;aquest lloc web<\/span><\/li><li style=\"font-weight: 400;\" aria-level=\"1\"><span style=\"font-weight: 400;\">Transmetre altres dificultats d&#039;acc\u00e9s al contingut<\/span><\/li><li style=\"font-weight: 400;\" aria-level=\"1\"><span style=\"font-weight: 400;\">Formular qualsevol altra consulta o suggeriment de millora relativa a l&#039;accessibilitat del lloc web mitjan\u00e7ant el formulari de contacte d&#039;aquest lloc web o mitjan\u00e7ant el n\u00famero de tel\u00e8fon 93 768 52 49<\/span><\/li><\/ul><p><span style=\"font-weight: 400;\">Podeu presentar:<\/span><\/p><ul><li style=\"font-weight: 400;\" aria-level=\"1\"><span style=\"font-weight: 400;\">Queixa relativa al compliment dels requisits del RD 1112\/2018<\/span><\/li><li style=\"font-weight: 400;\" aria-level=\"1\"><span style=\"font-weight: 400;\">Sol\u00b7licitud d&#039;informaci\u00f3 accessible relativa a:<\/span><ul><li style=\"font-weight: 400;\" aria-level=\"2\"><span style=\"font-weight: 400;\">Continguts que estan exclosos de l\u00e0mbit daplicaci\u00f3 del RD 1112\/2018 segons el que estableix larticle 3, apartat 4<\/span><\/li><li style=\"font-weight: 400;\" aria-level=\"2\"><span style=\"font-weight: 400;\">Continguts que estan exempts del compliment dels requisits d&#039;accessibilitat per imposar una c\u00e0rrega desproporcionada<\/span><\/li><li style=\"font-weight: 400;\" aria-level=\"2\"><span style=\"font-weight: 400;\">A la Sol\u00b7licitud d&#039;informaci\u00f3 accessible, cal concretar, amb tota claredat, els fets, les raons i la petici\u00f3 que permetin constatar que es tracta d&#039;una sol\u00b7licitud raonable i leg\u00edtima.<\/span><\/li><\/ul><\/li><\/ul><p><span style=\"font-weight: 400;\">Les queixes i reclamacions sobre informaci\u00f3 accessible es realitzaran a trav\u00e9s de la seu electr\u00f2nica (<\/span><a href=\"https:\/\/sede.red.gob.es\/procedimientos\/quejas-y-sugerencias\"><span style=\"font-weight: 400;\">https:\/\/sede.red.gob.es\/procedimientos\/quejas-y-sugerencias<\/span><\/a><span style=\"font-weight: 400;\">), i seran rebudes i tractades per l&#039;\u00e0rea de Sistemes de la Informaci\u00f3 de Red.es.<\/span><\/p><h2><b>Contingut opcional<\/b><\/h2><ul><li style=\"font-weight: 400;\" aria-level=\"1\"><span style=\"font-weight: 400;\">Si voleu canviar la mida de lletra del text als principals navegadors gr\u00e0fics utilitzeu els men\u00fas seg\u00fcents:<\/span><\/li><li style=\"font-weight: 400;\" aria-level=\"1\"><span style=\"font-weight: 400;\">Safari: Veure &gt; Fer el text m\u00e9s gran<\/span><\/li><li style=\"font-weight: 400;\" aria-level=\"1\"><span style=\"font-weight: 400;\">Chrome: Controla la p\u00e0gina actual &gt; Mida del text<\/span><\/li><\/ul><p><span style=\"font-weight: 400;\">Per modificar la mida de tot a la p\u00e0gina:<\/span><\/p><ul><li style=\"font-weight: 400;\" aria-level=\"1\"><span style=\"font-weight: 400;\">Ctrl++ per augmentar-ho<\/span><\/li><li style=\"font-weight: 400;\" aria-level=\"1\"><span style=\"font-weight: 400;\">Ctrl + \u2013 per disminuir-ho<\/span><\/li><li style=\"font-weight: 400;\" aria-level=\"1\"><span style=\"font-weight: 400;\">Ctrl + 0 restaura la mida original del text<\/span><\/li><li style=\"font-weight: 400;\" aria-level=\"1\"><span style=\"font-weight: 400;\">Si el que voleu \u00e9s anul\u00b7lar el full d&#039;estils o modificar el color del text, podeu consultar la p\u00e0gina How to Change Text Size o Colors de la WAI, que es pot llegir tradu\u00eft a l&#039;espanyol a Com canviar la mida del text o colors?<\/span><\/li><\/ul>\t\t\t\t\t\t\t\t<\/div>\n\t\t\t\t<\/div>\n\t\t\t\t\t<\/div>\n\t\t\t\t<\/div>\n\t\t\t\t<\/div>","protected":false},"excerpt":{"rendered":"<p>Declaraci\u00f3 d&#039;accessibilitat Declaraci\u00f3 d&#039;accessibilitat Online Vall\u00e9s s&#039;ha comprom\u00e8s a fer accessible el vostre lloc web, de conformitat amb el Reial Decret 1112\/2018, de 7 de setembre, sobre accessibilitat dels llocs web i aplicacions per a dispositius m\u00f2bils del sector p\u00fablic. Aquesta declaraci\u00f3 d&#039;accessibilitat s&#039;aplica a aquest web. Situaci\u00f3 de compliment Aquest [\u2026]<\/p>","protected":false},"author":2,"featured_media":0,"parent":0,"menu_order":0,"comment_status":"closed","ping_status":"closed","template":"","meta":{"footnotes":""},"class_list":["post-729","page","type-page","status-publish","hentry"],"yoast_head":"<!-- This site is optimized with the Yoast SEO plugin v26.0 - https:\/\/yoast.com\/wordpress\/plugins\/seo\/ -->\n<title>Declaraci\u00f3n de accesibilidad - ADM INMO<\/title>\n<meta name=\"robots\" content=\"index, follow, max-snippet:-1, max-image-preview:large, max-video-preview:-1\" \/>\n<link rel=\"canonical\" href=\"https:\/\/www.adm-inmo.com\/ca\/declaracion-de-accesibilidad-2\/\" \/>\n<meta property=\"og:locale\" content=\"ca_ES\" \/>\n<meta property=\"og:type\" content=\"article\" \/>\n<meta property=\"og:title\" content=\"Declaraci\u00f3n de accesibilidad - ADM INMO\" \/>\n<meta property=\"og:description\" content=\"Declaraci\u00f3n de accesibilidad\u200b Declaraci\u00f3n de accesibilidad Online Vall\u00e9s se ha comprometido a hacer accesible su sitio web, de conformidad con el Real Decreto 1112\/2018, de 7 de septiembre, sobre accesibilidad de los sitios web y aplicaciones para dispositivos m\u00f3viles del sector p\u00fablico. Esta declaraci\u00f3n de accesibilidad se aplica a esta web. Situaci\u00f3n de cumplimiento Este [&hellip;]\" \/>\n<meta property=\"og:url\" content=\"https:\/\/www.adm-inmo.com\/ca\/declaracion-de-accesibilidad-2\/\" \/>\n<meta property=\"og:site_name\" content=\"ADM INMO\" \/>\n<meta property=\"article:modified_time\" content=\"2024-10-04T10:28:07+00:00\" \/>\n<meta name=\"twitter:card\" content=\"summary_large_image\" \/>\n<meta name=\"twitter:label1\" content=\"Temps estimat de lectura\" \/>\n\t<meta name=\"twitter:data1\" content=\"2 minuts\" \/>\n<script type=\"application\/ld+json\" class=\"yoast-schema-graph\">{\"@context\":\"https:\/\/schema.org\",\"@graph\":[{\"@type\":\"WebPage\",\"@id\":\"https:\/\/www.adm-inmo.com\/declaracion-de-accesibilidad-2\/\",\"url\":\"https:\/\/www.adm-inmo.com\/declaracion-de-accesibilidad-2\/\",\"name\":\"Declaraci\u00f3n de accesibilidad - ADM INMO\",\"isPartOf\":{\"@id\":\"https:\/\/www.adm-inmo.com\/#website\"},\"datePublished\":\"2024-10-04T10:26:52+00:00\",\"dateModified\":\"2024-10-04T10:28:07+00:00\",\"breadcrumb\":{\"@id\":\"https:\/\/www.adm-inmo.com\/declaracion-de-accesibilidad-2\/#breadcrumb\"},\"inLanguage\":\"ca\",\"potentialAction\":[{\"@type\":\"ReadAction\",\"target\":[\"https:\/\/www.adm-inmo.com\/declaracion-de-accesibilidad-2\/\"]}]},{\"@type\":\"BreadcrumbList\",\"@id\":\"https:\/\/www.adm-inmo.com\/declaracion-de-accesibilidad-2\/#breadcrumb\",\"itemListElement\":[{\"@type\":\"ListItem\",\"position\":1,\"name\":\"Portada\",\"item\":\"https:\/\/www.adm-inmo.com\/\"},{\"@type\":\"ListItem\",\"position\":2,\"name\":\"Declaraci\u00f3n de accesibilidad\"}]},{\"@type\":\"WebSite\",\"@id\":\"https:\/\/www.adm-inmo.com\/#website\",\"url\":\"https:\/\/www.adm-inmo.com\/\",\"name\":\"ADM Inmo\",\"description\":\"\",\"publisher\":{\"@id\":\"https:\/\/www.adm-inmo.com\/#organization\"},\"potentialAction\":[{\"@type\":\"SearchAction\",\"target\":{\"@type\":\"EntryPoint\",\"urlTemplate\":\"https:\/\/www.adm-inmo.com\/?s={search_term_string}\"},\"query-input\":{\"@type\":\"PropertyValueSpecification\",\"valueRequired\":true,\"valueName\":\"search_term_string\"}}],\"inLanguage\":\"ca\"},{\"@type\":\"Organization\",\"@id\":\"https:\/\/www.adm-inmo.com\/#organization\",\"name\":\"ADM Inmo\",\"url\":\"https:\/\/www.adm-inmo.com\/\",\"logo\":{\"@type\":\"ImageObject\",\"inLanguage\":\"ca\",\"@id\":\"https:\/\/www.adm-inmo.com\/#\/schema\/logo\/image\/\",\"url\":\"https:\/\/www.adm-inmo.com\/wp-content\/uploads\/2024\/07\/Diseno_sin_titulo__18_-removebg-preview.png\",\"contentUrl\":\"https:\/\/www.adm-inmo.com\/wp-content\/uploads\/2024\/07\/Diseno_sin_titulo__18_-removebg-preview.png\",\"width\":788,\"height\":295,\"caption\":\"ADM Inmo\"},\"image\":{\"@id\":\"https:\/\/www.adm-inmo.com\/#\/schema\/logo\/image\/\"}}]}<\/script>\n<!-- \/ Yoast SEO plugin. -->","yoast_head_json":{"title":"Declaraci\u00f3 d&#039;accessibilitat - ADM INMO","robots":{"index":"index","follow":"follow","max-snippet":"max-snippet:-1","max-image-preview":"max-image-preview:large","max-video-preview":"max-video-preview:-1"},"canonical":"https:\/\/www.adm-inmo.com\/ca\/declaracion-de-accesibilidad-2\/","og_locale":"ca_ES","og_type":"article","og_title":"Declaraci\u00f3n de accesibilidad - ADM INMO","og_description":"Declaraci\u00f3n de accesibilidad\u200b Declaraci\u00f3n de accesibilidad Online Vall\u00e9s se ha comprometido a hacer accesible su sitio web, de conformidad con el Real Decreto 1112\/2018, de 7 de septiembre, sobre accesibilidad de los sitios web y aplicaciones para dispositivos m\u00f3viles del sector p\u00fablico. Esta declaraci\u00f3n de accesibilidad se aplica a esta web. Situaci\u00f3n de cumplimiento Este [&hellip;]","og_url":"https:\/\/www.adm-inmo.com\/ca\/declaracion-de-accesibilidad-2\/","og_site_name":"ADM INMO","article_modified_time":"2024-10-04T10:28:07+00:00","twitter_card":"summary_large_image","twitter_misc":{"Temps estimat de lectura":"2 minuts"},"schema":{"@context":"https:\/\/schema.org","@graph":[{"@type":"WebPage","@id":"https:\/\/www.adm-inmo.com\/declaracion-de-accesibilidad-2\/","url":"https:\/\/www.adm-inmo.com\/declaracion-de-accesibilidad-2\/","name":"Declaraci\u00f3 d&#039;accessibilitat - ADM INMO","isPartOf":{"@id":"https:\/\/www.adm-inmo.com\/#website"},"datePublished":"2024-10-04T10:26:52+00:00","dateModified":"2024-10-04T10:28:07+00:00","breadcrumb":{"@id":"https:\/\/www.adm-inmo.com\/declaracion-de-accesibilidad-2\/#breadcrumb"},"inLanguage":"ca","potentialAction":[{"@type":"ReadAction","target":["https:\/\/www.adm-inmo.com\/declaracion-de-accesibilidad-2\/"]}]},{"@type":"BreadcrumbList","@id":"https:\/\/www.adm-inmo.com\/declaracion-de-accesibilidad-2\/#breadcrumb","itemListElement":[{"@type":"ListItem","position":1,"name":"Portada","item":"https:\/\/www.adm-inmo.com\/"},{"@type":"ListItem","position":2,"name":"Declaraci\u00f3n de accesibilidad"}]},{"@type":"WebSite","@id":"https:\/\/www.adm-inmo.com\/#website","url":"https:\/\/www.adm-inmo.com\/","name":"ADM Immo","description":"","publisher":{"@id":"https:\/\/www.adm-inmo.com\/#organization"},"potentialAction":[{"@type":"SearchAction","target":{"@type":"EntryPoint","urlTemplate":"https:\/\/www.adm-inmo.com\/?s={search_term_string}"},"query-input":{"@type":"PropertyValueSpecification","valueRequired":true,"valueName":"search_term_string"}}],"inLanguage":"ca"},{"@type":"Organization","@id":"https:\/\/www.adm-inmo.com\/#organization","name":"ADM Immo","url":"https:\/\/www.adm-inmo.com\/","logo":{"@type":"ImageObject","inLanguage":"ca","@id":"https:\/\/www.adm-inmo.com\/#\/schema\/logo\/image\/","url":"https:\/\/www.adm-inmo.com\/wp-content\/uploads\/2024\/07\/Diseno_sin_titulo__18_-removebg-preview.png","contentUrl":"https:\/\/www.adm-inmo.com\/wp-content\/uploads\/2024\/07\/Diseno_sin_titulo__18_-removebg-preview.png","width":788,"height":295,"caption":"ADM Inmo"},"image":{"@id":"https:\/\/www.adm-inmo.com\/#\/schema\/logo\/image\/"}}]}},"_links":{"self":[{"href":"https:\/\/www.adm-inmo.com\/ca\/wp-json\/wp\/v2\/pages\/729","targetHints":{"allow":["GET"]}}],"collection":[{"href":"https:\/\/www.adm-inmo.com\/ca\/wp-json\/wp\/v2\/pages"}],"about":[{"href":"https:\/\/www.adm-inmo.com\/ca\/wp-json\/wp\/v2\/types\/page"}],"author":[{"embeddable":true,"href":"https:\/\/www.adm-inmo.com\/ca\/wp-json\/wp\/v2\/users\/2"}],"replies":[{"embeddable":true,"href":"https:\/\/www.adm-inmo.com\/ca\/wp-json\/wp\/v2\/comments?post=729"}],"version-history":[{"count":7,"href":"https:\/\/www.adm-inmo.com\/ca\/wp-json\/wp\/v2\/pages\/729\/revisions"}],"predecessor-version":[{"id":742,"href":"https:\/\/www.adm-inmo.com\/ca\/wp-json\/wp\/v2\/pages\/729\/revisions\/742"}],"wp:attachment":[{"href":"https:\/\/www.adm-inmo.com\/ca\/wp-json\/wp\/v2\/media?parent=729"}],"curies":[{"name":"wp","href":"https:\/\/api.w.org\/{rel}","templated":true}]}}